{"id":857,"date":"2024-10-21T14:50:46","date_gmt":"2024-10-21T12:50:46","guid":{"rendered":"https:\/\/www.rigaslifti.lv\/?page_id=857"},"modified":"2024-10-24T11:07:44","modified_gmt":"2024-10-24T09:07:44","slug":"cargo-elevators","status":"publish","type":"page","link":"https:\/\/www.rigaslifti.lv\/lv\/cargo-elevators\/","title":{"rendered":"Kravas lifti"},"content":{"rendered":"<p><br>Kravas lifti ir paredz\u0113ti smagu kravu p\u0101rvad\u0101\u0161anai, padarot tos ide\u0101lus komerci\u0101liem un r\u016bpnieciskiem apst\u0101k\u013ciem. \u0160ie lifti ir apr\u012bkoti ar liel\u0101ku kravnes\u012bbu un iztur\u012bgiem materi\u0101liem, lai nodro\u0161in\u0101tu dro\u0161u pre\u010du p\u0101rvieto\u0161anu. Neatkar\u012bgi no t\u0101, vai str\u0101d\u0101jat noliktav\u0101, r\u016bpn\u012bc\u0101 vai veikal\u0101, kravas lifti iev\u0113rojami palielina darba efektivit\u0101ti.<\/p>","protected":false},"excerpt":{"rendered":"<p>Cargo elevators are built to transport heavy loads, making them perfect for commercial and industrial environments. These elevators are designed with robust features, such as higher weight capacities and durable materials, to ensure the safe movement of goods. Whether you\u2019re in a warehouse, factory, or retail store, cargo elevators improve [&hellip;]<\/p>","protected":false},"author":1,"featured_media":0,"parent":0,"menu_order":0,"comment_status":"closed","ping_status":"closed","template":"","meta":{"footnotes":""},"class_list":["post-857","page","type-page","status-publish","hentry"],"yoast_head":"<!-- This site is optimized with the Yoast SEO plugin v23.2 - https:\/\/yoast.com\/wordpress\/plugins\/seo\/ -->\n<title>Cargo elevators - Elevators and Escalators: Service, Modernization, and New Installations<\/title>\n<meta name=\"robots\" content=\"index, follow, max-snippet:-1, max-image-preview:large, max-video-preview:-1\" \/>\n<link rel=\"canonical\" href=\"https:\/\/www.rigaslifti.lv\/lv\/cargo-elevators\/\" \/>\n<meta property=\"og:locale\" content=\"lv_LV\" \/>\n<meta property=\"og:type\" content=\"article\" \/>\n<meta property=\"og:title\" content=\"Cargo elevators - Elevators and Escalators: Service, Modernization, and New Installations\" \/>\n<meta property=\"og:description\" content=\"Cargo elevators are built to transport heavy loads, making them perfect for commercial and industrial environments. These elevators are designed with robust features, such as higher weight capacities and durable materials, to ensure the safe movement of goods. Whether you\u2019re in a warehouse, factory, or retail store, cargo elevators improve [&hellip;]\" \/>\n<meta property=\"og:url\" content=\"https:\/\/www.rigaslifti.lv\/lv\/cargo-elevators\/\" \/>\n<meta property=\"og:site_name\" content=\"Elevators and Escalators: Service, Modernization, and New Installations\" \/>\n<meta property=\"article:modified_time\" content=\"2024-10-24T09:07:44+00:00\" \/>\n<meta name=\"twitter:card\" content=\"summary_large_image\" \/>\n<meta name=\"twitter:label1\" content=\"Est. reading time\" \/>\n\t<meta name=\"twitter:data1\" content=\"1 min\u016bte\" \/>\n<script type=\"application\/ld+json\" class=\"yoast-schema-graph\">{\"@context\":\"https:\/\/schema.org\",\"@graph\":[{\"@type\":\"WebPage\",\"@id\":\"https:\/\/www.rigaslifti.lv\/cargo-elevators\/\",\"url\":\"https:\/\/www.rigaslifti.lv\/cargo-elevators\/\",\"name\":\"Cargo elevators - Elevators and Escalators: Service, Modernization, and New Installations\",\"isPartOf\":{\"@id\":\"https:\/\/www.rigaslifti.lv\/#website\"},\"datePublished\":\"2024-10-21T12:50:46+00:00\",\"dateModified\":\"2024-10-24T09:07:44+00:00\",\"breadcrumb\":{\"@id\":\"https:\/\/www.rigaslifti.lv\/cargo-elevators\/#breadcrumb\"},\"inLanguage\":\"lv-LV\",\"potentialAction\":[{\"@type\":\"ReadAction\",\"target\":[\"https:\/\/www.rigaslifti.lv\/cargo-elevators\/\"]}]},{\"@type\":\"BreadcrumbList\",\"@id\":\"https:\/\/www.rigaslifti.lv\/cargo-elevators\/#breadcrumb\",\"itemListElement\":[{\"@type\":\"ListItem\",\"position\":1,\"name\":\"Home\",\"item\":\"https:\/\/www.rigaslifti.lv\/\"},{\"@type\":\"ListItem\",\"position\":2,\"name\":\"Cargo elevators\"}]},{\"@type\":\"WebSite\",\"@id\":\"https:\/\/www.rigaslifti.lv\/#website\",\"url\":\"https:\/\/www.rigaslifti.lv\/\",\"name\":\"Elevators and Escalators: Service, Modernization, and New Installations\",\"description\":\"Elevators and Escalators: Service, Modernization, and New Installations\",\"publisher\":{\"@id\":\"https:\/\/www.rigaslifti.lv\/#organization\"},\"potentialAction\":[{\"@type\":\"SearchAction\",\"target\":{\"@type\":\"EntryPoint\",\"urlTemplate\":\"https:\/\/www.rigaslifti.lv\/?s={search_term_string}\"},\"query-input\":\"required name=search_term_string\"}],\"inLanguage\":\"lv-LV\"},{\"@type\":\"Organization\",\"@id\":\"https:\/\/www.rigaslifti.lv\/#organization\",\"name\":\"Elevators and Escalators: Service, Modernization, and New Installations\",\"url\":\"https:\/\/www.rigaslifti.lv\/\",\"logo\":{\"@type\":\"ImageObject\",\"inLanguage\":\"lv-LV\",\"@id\":\"https:\/\/www.rigaslifti.lv\/#\/schema\/logo\/image\/\",\"url\":\"https:\/\/www.rigaslifti.lv\/wp-content\/uploads\/2019\/12\/logorigaslifti.png\",\"contentUrl\":\"https:\/\/www.rigaslifti.lv\/wp-content\/uploads\/2019\/12\/logorigaslifti.png\",\"width\":1000,\"height\":344,\"caption\":\"Elevators and Escalators: Service, Modernization, and New Installations\"},\"image\":{\"@id\":\"https:\/\/www.rigaslifti.lv\/#\/schema\/logo\/image\/\"}}]}<\/script>\n<!-- \/ Yoast SEO plugin. -->","yoast_head_json":{"title":"Cargo elevators - Elevators and Escalators: Service, Modernization, and New Installations","robots":{"index":"index","follow":"follow","max-snippet":"max-snippet:-1","max-image-preview":"max-image-preview:large","max-video-preview":"max-video-preview:-1"},"canonical":"https:\/\/www.rigaslifti.lv\/lv\/cargo-elevators\/","og_locale":"lv_LV","og_type":"article","og_title":"Cargo elevators - Elevators and Escalators: Service, Modernization, and New Installations","og_description":"Cargo elevators are built to transport heavy loads, making them perfect for commercial and industrial environments. These elevators are designed with robust features, such as higher weight capacities and durable materials, to ensure the safe movement of goods. Whether you\u2019re in a warehouse, factory, or retail store, cargo elevators improve [&hellip;]","og_url":"https:\/\/www.rigaslifti.lv\/lv\/cargo-elevators\/","og_site_name":"Elevators and Escalators: Service, Modernization, and New Installations","article_modified_time":"2024-10-24T09:07:44+00:00","twitter_card":"summary_large_image","twitter_misc":{"Est. reading time":"1 min\u016bte"},"schema":{"@context":"https:\/\/schema.org","@graph":[{"@type":"WebPage","@id":"https:\/\/www.rigaslifti.lv\/cargo-elevators\/","url":"https:\/\/www.rigaslifti.lv\/cargo-elevators\/","name":"Cargo elevators - Elevators and Escalators: Service, Modernization, and New Installations","isPartOf":{"@id":"https:\/\/www.rigaslifti.lv\/#website"},"datePublished":"2024-10-21T12:50:46+00:00","dateModified":"2024-10-24T09:07:44+00:00","breadcrumb":{"@id":"https:\/\/www.rigaslifti.lv\/cargo-elevators\/#breadcrumb"},"inLanguage":"lv-LV","potentialAction":[{"@type":"ReadAction","target":["https:\/\/www.rigaslifti.lv\/cargo-elevators\/"]}]},{"@type":"BreadcrumbList","@id":"https:\/\/www.rigaslifti.lv\/cargo-elevators\/#breadcrumb","itemListElement":[{"@type":"ListItem","position":1,"name":"Home","item":"https:\/\/www.rigaslifti.lv\/"},{"@type":"ListItem","position":2,"name":"Cargo elevators"}]},{"@type":"WebSite","@id":"https:\/\/www.rigaslifti.lv\/#website","url":"https:\/\/www.rigaslifti.lv\/","name":"Elevators and Escalators: Service, Modernization, and New Installations","description":"Elevators and Escalators: Service, Modernization, and New Installations","publisher":{"@id":"https:\/\/www.rigaslifti.lv\/#organization"},"potentialAction":[{"@type":"SearchAction","target":{"@type":"EntryPoint","urlTemplate":"https:\/\/www.rigaslifti.lv\/?s={search_term_string}"},"query-input":"required name=search_term_string"}],"inLanguage":"lv-LV"},{"@type":"Organization","@id":"https:\/\/www.rigaslifti.lv\/#organization","name":"Elevators and Escalators: Service, Modernization, and New Installations","url":"https:\/\/www.rigaslifti.lv\/","logo":{"@type":"ImageObject","inLanguage":"lv-LV","@id":"https:\/\/www.rigaslifti.lv\/#\/schema\/logo\/image\/","url":"https:\/\/www.rigaslifti.lv\/wp-content\/uploads\/2019\/12\/logorigaslifti.png","contentUrl":"https:\/\/www.rigaslifti.lv\/wp-content\/uploads\/2019\/12\/logorigaslifti.png","width":1000,"height":344,"caption":"Elevators and Escalators: Service, Modernization, and New Installations"},"image":{"@id":"https:\/\/www.rigaslifti.lv\/#\/schema\/logo\/image\/"}}]}},"_links":{"self":[{"href":"https:\/\/www.rigaslifti.lv\/lv\/wp-json\/wp\/v2\/pages\/857"}],"collection":[{"href":"https:\/\/www.rigaslifti.lv\/lv\/wp-json\/wp\/v2\/pages"}],"about":[{"href":"https:\/\/www.rigaslifti.lv\/lv\/wp-json\/wp\/v2\/types\/page"}],"author":[{"embeddable":true,"href":"https:\/\/www.rigaslifti.lv\/lv\/wp-json\/wp\/v2\/users\/1"}],"replies":[{"embeddable":true,"href":"https:\/\/www.rigaslifti.lv\/lv\/wp-json\/wp\/v2\/comments?post=857"}],"version-history":[{"count":2,"href":"https:\/\/www.rigaslifti.lv\/lv\/wp-json\/wp\/v2\/pages\/857\/revisions"}],"predecessor-version":[{"id":993,"href":"https:\/\/www.rigaslifti.lv\/lv\/wp-json\/wp\/v2\/pages\/857\/revisions\/993"}],"wp:attachment":[{"href":"https:\/\/www.rigaslifti.lv\/lv\/wp-json\/wp\/v2\/media?parent=857"}],"curies":[{"name":"wp","href":"https:\/\/api.w.org\/{rel}","templated":true}]}}