{"id":859,"date":"2024-10-21T14:51:18","date_gmt":"2024-10-21T12:51:18","guid":{"rendered":"https:\/\/www.rigaslifti.lv\/?page_id=859"},"modified":"2024-10-24T11:07:09","modified_gmt":"2024-10-24T09:07:09","slug":"home-elevators","status":"publish","type":"page","link":"https:\/\/www.rigaslifti.lv\/lv\/home-elevators\/","title":{"rendered":"M\u0101jas lifti"},"content":{"rendered":"<p><br>M\u0101jas lifti ir \u0113rts un elegants risin\u0101jums, kas nodro\u0161ina vieglu p\u0101rvieto\u0161anos starp st\u0101viem priv\u0101taj\u0101s m\u0101j\u0101s. Piel\u0101gojami komfortam, vienk\u0101r\u0161ai lieto\u0161anai un dizainam, \u0161ie lifti uzlabo piek\u013cuvi un palielina m\u0101jas v\u0113rt\u012bbu. Neatkar\u012bgi no t\u0101, vai v\u0113laties modernu vai klasisku izskatu, m\u0101jas lifti ir piel\u0101gojami j\u016bsu individu\u0101laj\u0101m vajadz\u012bb\u0101m.<\/p>","protected":false},"excerpt":{"rendered":"<p>Home elevators provide a convenient and stylish solution for moving between floors in private residences. Designed for comfort, ease of use, and customization, these elevators enhance accessibility and add value to your home. Whether you\u2019re looking for a sleek, modern design or a classic look, home elevators can be tailored [&hellip;]<\/p>","protected":false},"author":1,"featured_media":0,"parent":0,"menu_order":0,"comment_status":"closed","ping_status":"closed","template":"","meta":{"footnotes":""},"class_list":["post-859","page","type-page","status-publish","hentry"],"yoast_head":"<!-- This site is optimized with the Yoast SEO plugin v23.2 - https:\/\/yoast.com\/wordpress\/plugins\/seo\/ -->\n<title>Home elevators - Elevators and Escalators: Service, Modernization, and New Installations<\/title>\n<meta name=\"robots\" content=\"index, follow, max-snippet:-1, max-image-preview:large, max-video-preview:-1\" \/>\n<link rel=\"canonical\" href=\"https:\/\/www.rigaslifti.lv\/lv\/home-elevators\/\" \/>\n<meta property=\"og:locale\" content=\"lv_LV\" \/>\n<meta property=\"og:type\" content=\"article\" \/>\n<meta property=\"og:title\" content=\"Home elevators - Elevators and Escalators: Service, Modernization, and New Installations\" \/>\n<meta property=\"og:description\" content=\"Home elevators provide a convenient and stylish solution for moving between floors in private residences. Designed for comfort, ease of use, and customization, these elevators enhance accessibility and add value to your home. Whether you\u2019re looking for a sleek, modern design or a classic look, home elevators can be tailored [&hellip;]\" \/>\n<meta property=\"og:url\" content=\"https:\/\/www.rigaslifti.lv\/lv\/home-elevators\/\" \/>\n<meta property=\"og:site_name\" content=\"Elevators and Escalators: Service, Modernization, and New Installations\" \/>\n<meta property=\"article:modified_time\" content=\"2024-10-24T09:07:09+00:00\" \/>\n<meta name=\"twitter:card\" content=\"summary_large_image\" \/>\n<meta name=\"twitter:label1\" content=\"Est. reading time\" \/>\n\t<meta name=\"twitter:data1\" content=\"1 min\u016bte\" \/>\n<script type=\"application\/ld+json\" class=\"yoast-schema-graph\">{\"@context\":\"https:\/\/schema.org\",\"@graph\":[{\"@type\":\"WebPage\",\"@id\":\"https:\/\/www.rigaslifti.lv\/home-elevators\/\",\"url\":\"https:\/\/www.rigaslifti.lv\/home-elevators\/\",\"name\":\"Home elevators - Elevators and Escalators: Service, Modernization, and New Installations\",\"isPartOf\":{\"@id\":\"https:\/\/www.rigaslifti.lv\/#website\"},\"datePublished\":\"2024-10-21T12:51:18+00:00\",\"dateModified\":\"2024-10-24T09:07:09+00:00\",\"breadcrumb\":{\"@id\":\"https:\/\/www.rigaslifti.lv\/home-elevators\/#breadcrumb\"},\"inLanguage\":\"lv-LV\",\"potentialAction\":[{\"@type\":\"ReadAction\",\"target\":[\"https:\/\/www.rigaslifti.lv\/home-elevators\/\"]}]},{\"@type\":\"BreadcrumbList\",\"@id\":\"https:\/\/www.rigaslifti.lv\/home-elevators\/#breadcrumb\",\"itemListElement\":[{\"@type\":\"ListItem\",\"position\":1,\"name\":\"Home\",\"item\":\"https:\/\/www.rigaslifti.lv\/\"},{\"@type\":\"ListItem\",\"position\":2,\"name\":\"Home elevators\"}]},{\"@type\":\"WebSite\",\"@id\":\"https:\/\/www.rigaslifti.lv\/#website\",\"url\":\"https:\/\/www.rigaslifti.lv\/\",\"name\":\"Elevators and Escalators: Service, Modernization, and New Installations\",\"description\":\"Elevators and Escalators: Service, Modernization, and New Installations\",\"publisher\":{\"@id\":\"https:\/\/www.rigaslifti.lv\/#organization\"},\"potentialAction\":[{\"@type\":\"SearchAction\",\"target\":{\"@type\":\"EntryPoint\",\"urlTemplate\":\"https:\/\/www.rigaslifti.lv\/?s={search_term_string}\"},\"query-input\":\"required name=search_term_string\"}],\"inLanguage\":\"lv-LV\"},{\"@type\":\"Organization\",\"@id\":\"https:\/\/www.rigaslifti.lv\/#organization\",\"name\":\"Elevators and Escalators: Service, Modernization, and New Installations\",\"url\":\"https:\/\/www.rigaslifti.lv\/\",\"logo\":{\"@type\":\"ImageObject\",\"inLanguage\":\"lv-LV\",\"@id\":\"https:\/\/www.rigaslifti.lv\/#\/schema\/logo\/image\/\",\"url\":\"https:\/\/www.rigaslifti.lv\/wp-content\/uploads\/2019\/12\/logorigaslifti.png\",\"contentUrl\":\"https:\/\/www.rigaslifti.lv\/wp-content\/uploads\/2019\/12\/logorigaslifti.png\",\"width\":1000,\"height\":344,\"caption\":\"Elevators and Escalators: Service, Modernization, and New Installations\"},\"image\":{\"@id\":\"https:\/\/www.rigaslifti.lv\/#\/schema\/logo\/image\/\"}}]}<\/script>\n<!-- \/ Yoast SEO plugin. -->","yoast_head_json":{"title":"Home elevators - Elevators and Escalators: Service, Modernization, and New Installations","robots":{"index":"index","follow":"follow","max-snippet":"max-snippet:-1","max-image-preview":"max-image-preview:large","max-video-preview":"max-video-preview:-1"},"canonical":"https:\/\/www.rigaslifti.lv\/lv\/home-elevators\/","og_locale":"lv_LV","og_type":"article","og_title":"Home elevators - Elevators and Escalators: Service, Modernization, and New Installations","og_description":"Home elevators provide a convenient and stylish solution for moving between floors in private residences. Designed for comfort, ease of use, and customization, these elevators enhance accessibility and add value to your home. Whether you\u2019re looking for a sleek, modern design or a classic look, home elevators can be tailored [&hellip;]","og_url":"https:\/\/www.rigaslifti.lv\/lv\/home-elevators\/","og_site_name":"Elevators and Escalators: Service, Modernization, and New Installations","article_modified_time":"2024-10-24T09:07:09+00:00","twitter_card":"summary_large_image","twitter_misc":{"Est. reading time":"1 min\u016bte"},"schema":{"@context":"https:\/\/schema.org","@graph":[{"@type":"WebPage","@id":"https:\/\/www.rigaslifti.lv\/home-elevators\/","url":"https:\/\/www.rigaslifti.lv\/home-elevators\/","name":"Home elevators - Elevators and Escalators: Service, Modernization, and New Installations","isPartOf":{"@id":"https:\/\/www.rigaslifti.lv\/#website"},"datePublished":"2024-10-21T12:51:18+00:00","dateModified":"2024-10-24T09:07:09+00:00","breadcrumb":{"@id":"https:\/\/www.rigaslifti.lv\/home-elevators\/#breadcrumb"},"inLanguage":"lv-LV","potentialAction":[{"@type":"ReadAction","target":["https:\/\/www.rigaslifti.lv\/home-elevators\/"]}]},{"@type":"BreadcrumbList","@id":"https:\/\/www.rigaslifti.lv\/home-elevators\/#breadcrumb","itemListElement":[{"@type":"ListItem","position":1,"name":"Home","item":"https:\/\/www.rigaslifti.lv\/"},{"@type":"ListItem","position":2,"name":"Home elevators"}]},{"@type":"WebSite","@id":"https:\/\/www.rigaslifti.lv\/#website","url":"https:\/\/www.rigaslifti.lv\/","name":"Elevators and Escalators: Service, Modernization, and New Installations","description":"Elevators and Escalators: Service, Modernization, and New Installations","publisher":{"@id":"https:\/\/www.rigaslifti.lv\/#organization"},"potentialAction":[{"@type":"SearchAction","target":{"@type":"EntryPoint","urlTemplate":"https:\/\/www.rigaslifti.lv\/?s={search_term_string}"},"query-input":"required name=search_term_string"}],"inLanguage":"lv-LV"},{"@type":"Organization","@id":"https:\/\/www.rigaslifti.lv\/#organization","name":"Elevators and Escalators: Service, Modernization, and New Installations","url":"https:\/\/www.rigaslifti.lv\/","logo":{"@type":"ImageObject","inLanguage":"lv-LV","@id":"https:\/\/www.rigaslifti.lv\/#\/schema\/logo\/image\/","url":"https:\/\/www.rigaslifti.lv\/wp-content\/uploads\/2019\/12\/logorigaslifti.png","contentUrl":"https:\/\/www.rigaslifti.lv\/wp-content\/uploads\/2019\/12\/logorigaslifti.png","width":1000,"height":344,"caption":"Elevators and Escalators: Service, Modernization, and New Installations"},"image":{"@id":"https:\/\/www.rigaslifti.lv\/#\/schema\/logo\/image\/"}}]}},"_links":{"self":[{"href":"https:\/\/www.rigaslifti.lv\/lv\/wp-json\/wp\/v2\/pages\/859"}],"collection":[{"href":"https:\/\/www.rigaslifti.lv\/lv\/wp-json\/wp\/v2\/pages"}],"about":[{"href":"https:\/\/www.rigaslifti.lv\/lv\/wp-json\/wp\/v2\/types\/page"}],"author":[{"embeddable":true,"href":"https:\/\/www.rigaslifti.lv\/lv\/wp-json\/wp\/v2\/users\/1"}],"replies":[{"embeddable":true,"href":"https:\/\/www.rigaslifti.lv\/lv\/wp-json\/wp\/v2\/comments?post=859"}],"version-history":[{"count":2,"href":"https:\/\/www.rigaslifti.lv\/lv\/wp-json\/wp\/v2\/pages\/859\/revisions"}],"predecessor-version":[{"id":991,"href":"https:\/\/www.rigaslifti.lv\/lv\/wp-json\/wp\/v2\/pages\/859\/revisions\/991"}],"wp:attachment":[{"href":"https:\/\/www.rigaslifti.lv\/lv\/wp-json\/wp\/v2\/media?parent=859"}],"curies":[{"name":"wp","href":"https:\/\/api.w.org\/{rel}","templated":true}]}}