{"id":861,"date":"2024-10-21T14:51:34","date_gmt":"2024-10-21T12:51:34","guid":{"rendered":"https:\/\/www.rigaslifti.lv\/?page_id=861"},"modified":"2024-10-24T11:07:27","modified_gmt":"2024-10-24T09:07:27","slug":"small-cargo-elevators-restaurant","status":"publish","type":"page","link":"https:\/\/www.rigaslifti.lv\/lv\/small-cargo-elevators-restaurant\/","title":{"rendered":"Mazie kravas lifti (Restor\u0101nu)"},"content":{"rendered":"<p><br>Mazie kravas lifti jeb mazgaldnieki ir ide\u0101li piem\u0113roti restor\u0101niem un cit\u0101m iest\u0101d\u0113m, kur nepiecie\u0161ams \u0101tri un efekt\u012bvi p\u0101rvietot \u0113dienus, traukus vai nelielas preces starp st\u0101viem. \u0160ie kompakti risin\u0101jumi uzlabo darba pl\u016bsmu un paaugstina apkalpo\u0161anas efektivit\u0101ti, \u013caujot person\u0101lam koncentr\u0113ties uz klientu apkalpo\u0161anas kvalit\u0101ti. T\u0101 ir diskr\u0113ta un efekt\u012bva metode darb\u012bbas uzlabo\u0161anai.<\/p>","protected":false},"excerpt":{"rendered":"<p>Small cargo elevators, also known as dumbwaiters, are ideal for restaurants and other establishments where food, dishes, or small goods need to be quickly transported between floors. These compact elevators improve workflow and service efficiency, allowing staff to focus on delivering excellent customer experiences. They\u2019re a discreet and effective solution [&hellip;]<\/p>","protected":false},"author":1,"featured_media":0,"parent":0,"menu_order":0,"comment_status":"closed","ping_status":"closed","template":"","meta":{"footnotes":""},"class_list":["post-861","page","type-page","status-publish","hentry"],"yoast_head":"<!-- This site is optimized with the Yoast SEO plugin v23.2 - https:\/\/yoast.com\/wordpress\/plugins\/seo\/ -->\n<title>Small cargo elevators (Restaurant) - Elevators and Escalators: Service, Modernization, and New Installations<\/title>\n<meta name=\"robots\" content=\"index, follow, max-snippet:-1, max-image-preview:large, max-video-preview:-1\" \/>\n<link rel=\"canonical\" href=\"https:\/\/www.rigaslifti.lv\/lv\/small-cargo-elevators-restaurant\/\" \/>\n<meta property=\"og:locale\" content=\"lv_LV\" \/>\n<meta property=\"og:type\" content=\"article\" \/>\n<meta property=\"og:title\" content=\"Small cargo elevators (Restaurant) - Elevators and Escalators: Service, Modernization, and New Installations\" \/>\n<meta property=\"og:description\" content=\"Small cargo elevators, also known as dumbwaiters, are ideal for restaurants and other establishments where food, dishes, or small goods need to be quickly transported between floors. These compact elevators improve workflow and service efficiency, allowing staff to focus on delivering excellent customer experiences. They\u2019re a discreet and effective solution [&hellip;]\" \/>\n<meta property=\"og:url\" content=\"https:\/\/www.rigaslifti.lv\/lv\/small-cargo-elevators-restaurant\/\" \/>\n<meta property=\"og:site_name\" content=\"Elevators and Escalators: Service, Modernization, and New Installations\" \/>\n<meta property=\"article:modified_time\" content=\"2024-10-24T09:07:27+00:00\" \/>\n<meta name=\"twitter:card\" content=\"summary_large_image\" \/>\n<meta name=\"twitter:label1\" content=\"Est. reading time\" \/>\n\t<meta name=\"twitter:data1\" content=\"1 min\u016bte\" \/>\n<script type=\"application\/ld+json\" class=\"yoast-schema-graph\">{\"@context\":\"https:\/\/schema.org\",\"@graph\":[{\"@type\":\"WebPage\",\"@id\":\"https:\/\/www.rigaslifti.lv\/small-cargo-elevators-restaurant\/\",\"url\":\"https:\/\/www.rigaslifti.lv\/small-cargo-elevators-restaurant\/\",\"name\":\"Small cargo elevators (Restaurant) - Elevators and Escalators: Service, Modernization, and New Installations\",\"isPartOf\":{\"@id\":\"https:\/\/www.rigaslifti.lv\/#website\"},\"datePublished\":\"2024-10-21T12:51:34+00:00\",\"dateModified\":\"2024-10-24T09:07:27+00:00\",\"breadcrumb\":{\"@id\":\"https:\/\/www.rigaslifti.lv\/small-cargo-elevators-restaurant\/#breadcrumb\"},\"inLanguage\":\"lv-LV\",\"potentialAction\":[{\"@type\":\"ReadAction\",\"target\":[\"https:\/\/www.rigaslifti.lv\/small-cargo-elevators-restaurant\/\"]}]},{\"@type\":\"BreadcrumbList\",\"@id\":\"https:\/\/www.rigaslifti.lv\/small-cargo-elevators-restaurant\/#breadcrumb\",\"itemListElement\":[{\"@type\":\"ListItem\",\"position\":1,\"name\":\"Home\",\"item\":\"https:\/\/www.rigaslifti.lv\/\"},{\"@type\":\"ListItem\",\"position\":2,\"name\":\"Small cargo elevators (Restaurant)\"}]},{\"@type\":\"WebSite\",\"@id\":\"https:\/\/www.rigaslifti.lv\/#website\",\"url\":\"https:\/\/www.rigaslifti.lv\/\",\"name\":\"Elevators and Escalators: Service, Modernization, and New Installations\",\"description\":\"Elevators and Escalators: Service, Modernization, and New Installations\",\"publisher\":{\"@id\":\"https:\/\/www.rigaslifti.lv\/#organization\"},\"potentialAction\":[{\"@type\":\"SearchAction\",\"target\":{\"@type\":\"EntryPoint\",\"urlTemplate\":\"https:\/\/www.rigaslifti.lv\/?s={search_term_string}\"},\"query-input\":\"required name=search_term_string\"}],\"inLanguage\":\"lv-LV\"},{\"@type\":\"Organization\",\"@id\":\"https:\/\/www.rigaslifti.lv\/#organization\",\"name\":\"Elevators and Escalators: Service, Modernization, and New Installations\",\"url\":\"https:\/\/www.rigaslifti.lv\/\",\"logo\":{\"@type\":\"ImageObject\",\"inLanguage\":\"lv-LV\",\"@id\":\"https:\/\/www.rigaslifti.lv\/#\/schema\/logo\/image\/\",\"url\":\"https:\/\/www.rigaslifti.lv\/wp-content\/uploads\/2019\/12\/logorigaslifti.png\",\"contentUrl\":\"https:\/\/www.rigaslifti.lv\/wp-content\/uploads\/2019\/12\/logorigaslifti.png\",\"width\":1000,\"height\":344,\"caption\":\"Elevators and Escalators: Service, Modernization, and New Installations\"},\"image\":{\"@id\":\"https:\/\/www.rigaslifti.lv\/#\/schema\/logo\/image\/\"}}]}<\/script>\n<!-- \/ Yoast SEO plugin. -->","yoast_head_json":{"title":"Small cargo elevators (Restaurant) - Elevators and Escalators: Service, Modernization, and New Installations","robots":{"index":"index","follow":"follow","max-snippet":"max-snippet:-1","max-image-preview":"max-image-preview:large","max-video-preview":"max-video-preview:-1"},"canonical":"https:\/\/www.rigaslifti.lv\/lv\/small-cargo-elevators-restaurant\/","og_locale":"lv_LV","og_type":"article","og_title":"Small cargo elevators (Restaurant) - Elevators and Escalators: Service, Modernization, and New Installations","og_description":"Small cargo elevators, also known as dumbwaiters, are ideal for restaurants and other establishments where food, dishes, or small goods need to be quickly transported between floors. These compact elevators improve workflow and service efficiency, allowing staff to focus on delivering excellent customer experiences. They\u2019re a discreet and effective solution [&hellip;]","og_url":"https:\/\/www.rigaslifti.lv\/lv\/small-cargo-elevators-restaurant\/","og_site_name":"Elevators and Escalators: Service, Modernization, and New Installations","article_modified_time":"2024-10-24T09:07:27+00:00","twitter_card":"summary_large_image","twitter_misc":{"Est. reading time":"1 min\u016bte"},"schema":{"@context":"https:\/\/schema.org","@graph":[{"@type":"WebPage","@id":"https:\/\/www.rigaslifti.lv\/small-cargo-elevators-restaurant\/","url":"https:\/\/www.rigaslifti.lv\/small-cargo-elevators-restaurant\/","name":"Small cargo elevators (Restaurant) - Elevators and Escalators: Service, Modernization, and New Installations","isPartOf":{"@id":"https:\/\/www.rigaslifti.lv\/#website"},"datePublished":"2024-10-21T12:51:34+00:00","dateModified":"2024-10-24T09:07:27+00:00","breadcrumb":{"@id":"https:\/\/www.rigaslifti.lv\/small-cargo-elevators-restaurant\/#breadcrumb"},"inLanguage":"lv-LV","potentialAction":[{"@type":"ReadAction","target":["https:\/\/www.rigaslifti.lv\/small-cargo-elevators-restaurant\/"]}]},{"@type":"BreadcrumbList","@id":"https:\/\/www.rigaslifti.lv\/small-cargo-elevators-restaurant\/#breadcrumb","itemListElement":[{"@type":"ListItem","position":1,"name":"Home","item":"https:\/\/www.rigaslifti.lv\/"},{"@type":"ListItem","position":2,"name":"Small cargo elevators (Restaurant)"}]},{"@type":"WebSite","@id":"https:\/\/www.rigaslifti.lv\/#website","url":"https:\/\/www.rigaslifti.lv\/","name":"Elevators and Escalators: Service, Modernization, and New Installations","description":"Elevators and Escalators: Service, Modernization, and New Installations","publisher":{"@id":"https:\/\/www.rigaslifti.lv\/#organization"},"potentialAction":[{"@type":"SearchAction","target":{"@type":"EntryPoint","urlTemplate":"https:\/\/www.rigaslifti.lv\/?s={search_term_string}"},"query-input":"required name=search_term_string"}],"inLanguage":"lv-LV"},{"@type":"Organization","@id":"https:\/\/www.rigaslifti.lv\/#organization","name":"Elevators and Escalators: Service, Modernization, and New Installations","url":"https:\/\/www.rigaslifti.lv\/","logo":{"@type":"ImageObject","inLanguage":"lv-LV","@id":"https:\/\/www.rigaslifti.lv\/#\/schema\/logo\/image\/","url":"https:\/\/www.rigaslifti.lv\/wp-content\/uploads\/2019\/12\/logorigaslifti.png","contentUrl":"https:\/\/www.rigaslifti.lv\/wp-content\/uploads\/2019\/12\/logorigaslifti.png","width":1000,"height":344,"caption":"Elevators and Escalators: Service, Modernization, and New Installations"},"image":{"@id":"https:\/\/www.rigaslifti.lv\/#\/schema\/logo\/image\/"}}]}},"_links":{"self":[{"href":"https:\/\/www.rigaslifti.lv\/lv\/wp-json\/wp\/v2\/pages\/861"}],"collection":[{"href":"https:\/\/www.rigaslifti.lv\/lv\/wp-json\/wp\/v2\/pages"}],"about":[{"href":"https:\/\/www.rigaslifti.lv\/lv\/wp-json\/wp\/v2\/types\/page"}],"author":[{"embeddable":true,"href":"https:\/\/www.rigaslifti.lv\/lv\/wp-json\/wp\/v2\/users\/1"}],"replies":[{"embeddable":true,"href":"https:\/\/www.rigaslifti.lv\/lv\/wp-json\/wp\/v2\/comments?post=861"}],"version-history":[{"count":2,"href":"https:\/\/www.rigaslifti.lv\/lv\/wp-json\/wp\/v2\/pages\/861\/revisions"}],"predecessor-version":[{"id":992,"href":"https:\/\/www.rigaslifti.lv\/lv\/wp-json\/wp\/v2\/pages\/861\/revisions\/992"}],"wp:attachment":[{"href":"https:\/\/www.rigaslifti.lv\/lv\/wp-json\/wp\/v2\/media?parent=861"}],"curies":[{"name":"wp","href":"https:\/\/api.w.org\/{rel}","templated":true}]}}