{"id":865,"date":"2024-10-21T14:52:23","date_gmt":"2024-10-21T12:52:23","guid":{"rendered":"https:\/\/www.rigaslifti.lv\/?page_id=865"},"modified":"2024-10-24T11:06:46","modified_gmt":"2024-10-24T09:06:46","slug":"car-elevators","status":"publish","type":"page","link":"https:\/\/www.rigaslifti.lv\/lv\/car-elevators\/","title":{"rendered":"Automa\u0161\u012bnu lifti"},"content":{"rendered":"<p><br>Automa\u0161\u012bnu lifti ir ide\u0101ls risin\u0101jums automa\u0161\u012bnu vertik\u0101lai p\u0101rvieto\u0161anai st\u0101vviet\u0101s, priv\u0101taj\u0101s rezidenc\u0113s vai komerci\u0101laj\u0101s \u0113k\u0101s, kur telpa ir ierobe\u017eota. \u0160ie lifti ir izstr\u0101d\u0101ti, lai nodro\u0161in\u0101tu vienm\u0113r\u012bgu un dro\u0161u transportu, optimiz\u0113jot st\u0101vvietu un nodro\u0161inot dro\u0161u glab\u0101\u0161anu. Tie ir b\u016btiski m\u016bsdienu arhitekt\u016br\u0101, kur telpas taup\u012b\u0161ana ir \u012bpa\u0161i svar\u012bga.<\/p>","protected":false},"excerpt":{"rendered":"<p>Automa\u0161\u012bnu lifti ir ide\u0101ls risin\u0101jums automa\u0161\u012bnu vertik\u0101lai p\u0101rvieto\u0161anai st\u0101vviet\u0101s, priv\u0101taj\u0101s rezidenc\u0113s vai komerci\u0101laj\u0101s \u0113k\u0101s, kur telpa ir ierobe\u017eota. \u0160ie lifti ir izstr\u0101d\u0101ti, lai nodro\u0161in\u0101tu vienm\u0113r\u012bgu un dro\u0161u transportu, optimiz\u0113jot st\u0101vvietu un nodro\u0161inot dro\u0161u glab\u0101\u0161anu. Tie ir b\u016btiski m\u016bsdienu arhitekt\u016br\u0101, kur telpas taup\u012b\u0161ana ir \u012bpa\u0161i svar\u012bga.<\/p>","protected":false},"author":1,"featured_media":0,"parent":0,"menu_order":0,"comment_status":"closed","ping_status":"closed","template":"","meta":{"footnotes":""},"class_list":["post-865","page","type-page","status-publish","hentry"],"yoast_head":"<!-- This site is optimized with the Yoast SEO plugin v23.2 - https:\/\/yoast.com\/wordpress\/plugins\/seo\/ -->\n<title>Car elevators - Elevators and Escalators: Service, Modernization, and New Installations<\/title>\n<meta name=\"robots\" content=\"index, follow, max-snippet:-1, max-image-preview:large, max-video-preview:-1\" \/>\n<link rel=\"canonical\" href=\"https:\/\/www.rigaslifti.lv\/lv\/car-elevators\/\" \/>\n<meta property=\"og:locale\" content=\"lv_LV\" \/>\n<meta property=\"og:type\" content=\"article\" \/>\n<meta property=\"og:title\" content=\"Car elevators - Elevators and Escalators: Service, Modernization, and New Installations\" \/>\n<meta property=\"og:description\" content=\"Car elevators are the perfect solution for moving vehicles vertically in parking garages, private residences, or commercial buildings with limited space. Designed for smooth and safe vehicle transport, these elevators optimize parking and provide secure storage options. They are essential in modern architecture, where space conservation is critical.\" \/>\n<meta property=\"og:url\" content=\"https:\/\/www.rigaslifti.lv\/lv\/car-elevators\/\" \/>\n<meta property=\"og:site_name\" content=\"Elevators and Escalators: Service, Modernization, and New Installations\" \/>\n<meta property=\"article:modified_time\" content=\"2024-10-24T09:06:46+00:00\" \/>\n<meta name=\"twitter:card\" content=\"summary_large_image\" \/>\n<script type=\"application\/ld+json\" class=\"yoast-schema-graph\">{\"@context\":\"https:\/\/schema.org\",\"@graph\":[{\"@type\":\"WebPage\",\"@id\":\"https:\/\/www.rigaslifti.lv\/car-elevators\/\",\"url\":\"https:\/\/www.rigaslifti.lv\/car-elevators\/\",\"name\":\"Car elevators - Elevators and Escalators: Service, Modernization, and New Installations\",\"isPartOf\":{\"@id\":\"https:\/\/www.rigaslifti.lv\/#website\"},\"datePublished\":\"2024-10-21T12:52:23+00:00\",\"dateModified\":\"2024-10-24T09:06:46+00:00\",\"breadcrumb\":{\"@id\":\"https:\/\/www.rigaslifti.lv\/car-elevators\/#breadcrumb\"},\"inLanguage\":\"lv-LV\",\"potentialAction\":[{\"@type\":\"ReadAction\",\"target\":[\"https:\/\/www.rigaslifti.lv\/car-elevators\/\"]}]},{\"@type\":\"BreadcrumbList\",\"@id\":\"https:\/\/www.rigaslifti.lv\/car-elevators\/#breadcrumb\",\"itemListElement\":[{\"@type\":\"ListItem\",\"position\":1,\"name\":\"Home\",\"item\":\"https:\/\/www.rigaslifti.lv\/\"},{\"@type\":\"ListItem\",\"position\":2,\"name\":\"Car elevators\"}]},{\"@type\":\"WebSite\",\"@id\":\"https:\/\/www.rigaslifti.lv\/#website\",\"url\":\"https:\/\/www.rigaslifti.lv\/\",\"name\":\"Elevators and Escalators: Service, Modernization, and New Installations\",\"description\":\"Elevators and Escalators: Service, Modernization, and New Installations\",\"publisher\":{\"@id\":\"https:\/\/www.rigaslifti.lv\/#organization\"},\"potentialAction\":[{\"@type\":\"SearchAction\",\"target\":{\"@type\":\"EntryPoint\",\"urlTemplate\":\"https:\/\/www.rigaslifti.lv\/?s={search_term_string}\"},\"query-input\":\"required name=search_term_string\"}],\"inLanguage\":\"lv-LV\"},{\"@type\":\"Organization\",\"@id\":\"https:\/\/www.rigaslifti.lv\/#organization\",\"name\":\"Elevators and Escalators: Service, Modernization, and New Installations\",\"url\":\"https:\/\/www.rigaslifti.lv\/\",\"logo\":{\"@type\":\"ImageObject\",\"inLanguage\":\"lv-LV\",\"@id\":\"https:\/\/www.rigaslifti.lv\/#\/schema\/logo\/image\/\",\"url\":\"https:\/\/www.rigaslifti.lv\/wp-content\/uploads\/2019\/12\/logorigaslifti.png\",\"contentUrl\":\"https:\/\/www.rigaslifti.lv\/wp-content\/uploads\/2019\/12\/logorigaslifti.png\",\"width\":1000,\"height\":344,\"caption\":\"Elevators and Escalators: Service, Modernization, and New Installations\"},\"image\":{\"@id\":\"https:\/\/www.rigaslifti.lv\/#\/schema\/logo\/image\/\"}}]}<\/script>\n<!-- \/ Yoast SEO plugin. -->","yoast_head_json":{"title":"Car elevators - Elevators and Escalators: Service, Modernization, and New Installations","robots":{"index":"index","follow":"follow","max-snippet":"max-snippet:-1","max-image-preview":"max-image-preview:large","max-video-preview":"max-video-preview:-1"},"canonical":"https:\/\/www.rigaslifti.lv\/lv\/car-elevators\/","og_locale":"lv_LV","og_type":"article","og_title":"Car elevators - Elevators and Escalators: Service, Modernization, and New Installations","og_description":"Car elevators are the perfect solution for moving vehicles vertically in parking garages, private residences, or commercial buildings with limited space. Designed for smooth and safe vehicle transport, these elevators optimize parking and provide secure storage options. They are essential in modern architecture, where space conservation is critical.","og_url":"https:\/\/www.rigaslifti.lv\/lv\/car-elevators\/","og_site_name":"Elevators and Escalators: Service, Modernization, and New Installations","article_modified_time":"2024-10-24T09:06:46+00:00","twitter_card":"summary_large_image","schema":{"@context":"https:\/\/schema.org","@graph":[{"@type":"WebPage","@id":"https:\/\/www.rigaslifti.lv\/car-elevators\/","url":"https:\/\/www.rigaslifti.lv\/car-elevators\/","name":"Car elevators - Elevators and Escalators: Service, Modernization, and New Installations","isPartOf":{"@id":"https:\/\/www.rigaslifti.lv\/#website"},"datePublished":"2024-10-21T12:52:23+00:00","dateModified":"2024-10-24T09:06:46+00:00","breadcrumb":{"@id":"https:\/\/www.rigaslifti.lv\/car-elevators\/#breadcrumb"},"inLanguage":"lv-LV","potentialAction":[{"@type":"ReadAction","target":["https:\/\/www.rigaslifti.lv\/car-elevators\/"]}]},{"@type":"BreadcrumbList","@id":"https:\/\/www.rigaslifti.lv\/car-elevators\/#breadcrumb","itemListElement":[{"@type":"ListItem","position":1,"name":"Home","item":"https:\/\/www.rigaslifti.lv\/"},{"@type":"ListItem","position":2,"name":"Car elevators"}]},{"@type":"WebSite","@id":"https:\/\/www.rigaslifti.lv\/#website","url":"https:\/\/www.rigaslifti.lv\/","name":"Elevators and Escalators: Service, Modernization, and New Installations","description":"Elevators and Escalators: Service, Modernization, and New Installations","publisher":{"@id":"https:\/\/www.rigaslifti.lv\/#organization"},"potentialAction":[{"@type":"SearchAction","target":{"@type":"EntryPoint","urlTemplate":"https:\/\/www.rigaslifti.lv\/?s={search_term_string}"},"query-input":"required name=search_term_string"}],"inLanguage":"lv-LV"},{"@type":"Organization","@id":"https:\/\/www.rigaslifti.lv\/#organization","name":"Elevators and Escalators: Service, Modernization, and New Installations","url":"https:\/\/www.rigaslifti.lv\/","logo":{"@type":"ImageObject","inLanguage":"lv-LV","@id":"https:\/\/www.rigaslifti.lv\/#\/schema\/logo\/image\/","url":"https:\/\/www.rigaslifti.lv\/wp-content\/uploads\/2019\/12\/logorigaslifti.png","contentUrl":"https:\/\/www.rigaslifti.lv\/wp-content\/uploads\/2019\/12\/logorigaslifti.png","width":1000,"height":344,"caption":"Elevators and Escalators: Service, Modernization, and New Installations"},"image":{"@id":"https:\/\/www.rigaslifti.lv\/#\/schema\/logo\/image\/"}}]}},"_links":{"self":[{"href":"https:\/\/www.rigaslifti.lv\/lv\/wp-json\/wp\/v2\/pages\/865"}],"collection":[{"href":"https:\/\/www.rigaslifti.lv\/lv\/wp-json\/wp\/v2\/pages"}],"about":[{"href":"https:\/\/www.rigaslifti.lv\/lv\/wp-json\/wp\/v2\/types\/page"}],"author":[{"embeddable":true,"href":"https:\/\/www.rigaslifti.lv\/lv\/wp-json\/wp\/v2\/users\/1"}],"replies":[{"embeddable":true,"href":"https:\/\/www.rigaslifti.lv\/lv\/wp-json\/wp\/v2\/comments?post=865"}],"version-history":[{"count":2,"href":"https:\/\/www.rigaslifti.lv\/lv\/wp-json\/wp\/v2\/pages\/865\/revisions"}],"predecessor-version":[{"id":990,"href":"https:\/\/www.rigaslifti.lv\/lv\/wp-json\/wp\/v2\/pages\/865\/revisions\/990"}],"wp:attachment":[{"href":"https:\/\/www.rigaslifti.lv\/lv\/wp-json\/wp\/v2\/media?parent=865"}],"curies":[{"name":"wp","href":"https:\/\/api.w.org\/{rel}","templated":true}]}}