{"id":867,"date":"2024-10-21T14:53:17","date_gmt":"2024-10-21T12:53:17","guid":{"rendered":"https:\/\/www.rigaslifti.lv\/?page_id=867"},"modified":"2024-10-24T11:06:27","modified_gmt":"2024-10-24T09:06:27","slug":"accessibility-lifts","status":"publish","type":"page","link":"https:\/\/www.rigaslifti.lv\/lv\/accessibility-lifts\/","title":{"rendered":"Pac\u0113l\u0101ji cilv\u0113kiem ar kust\u012bbu trauc\u0113jumiem"},"content":{"rendered":"<p><br>Pac\u0113l\u0101ji cilv\u0113kiem ar kust\u012bbu trauc\u0113jumiem nodro\u0161ina mobilit\u0101tes risin\u0101jumus cilv\u0113kiem ar invalidit\u0101ti vai ierobe\u017eot\u0101m p\u0101rvieto\u0161an\u0101s sp\u0113j\u0101m. \u0160ie pac\u0113l\u0101ji nodro\u0161ina piek\u013cuvi vis\u0101m \u0113kas da\u013c\u0101m, uzlabojot neatkar\u012bbu un komfortu. Paredz\u0113ti gan priv\u0101t\u0101m, gan sabiedrisk\u0101m viet\u0101m, \u0161ie pac\u0113l\u0101ji ir b\u016btiski, lai rad\u012btu iek\u013caujo\u0161u vidi, kas atbilst likumdo\u0161anas pras\u012bb\u0101m par piek\u013c\u016bstam\u012bbu.<\/p>","protected":false},"excerpt":{"rendered":"<p>Accessibility lifts are designed to provide mobility solutions for individuals with disabilities or reduced mobility. These lifts help ensure that all areas of a building are easily accessible, enhancing independence and comfort. Available for both private and public spaces, accessibility lifts are essential for creating inclusive environments that meet legal [&hellip;]<\/p>","protected":false},"author":1,"featured_media":0,"parent":0,"menu_order":0,"comment_status":"closed","ping_status":"closed","template":"","meta":{"footnotes":""},"class_list":["post-867","page","type-page","status-publish","hentry"],"yoast_head":"<!-- This site is optimized with the Yoast SEO plugin v23.2 - https:\/\/yoast.com\/wordpress\/plugins\/seo\/ -->\n<title>Accessibility lifts - Elevators and Escalators: Service, Modernization, and New Installations<\/title>\n<meta name=\"robots\" content=\"index, follow, max-snippet:-1, max-image-preview:large, max-video-preview:-1\" \/>\n<link rel=\"canonical\" href=\"https:\/\/www.rigaslifti.lv\/lv\/accessibility-lifts\/\" \/>\n<meta property=\"og:locale\" content=\"lv_LV\" \/>\n<meta property=\"og:type\" content=\"article\" \/>\n<meta property=\"og:title\" content=\"Accessibility lifts - Elevators and Escalators: Service, Modernization, and New Installations\" \/>\n<meta property=\"og:description\" content=\"Accessibility lifts are designed to provide mobility solutions for individuals with disabilities or reduced mobility. These lifts help ensure that all areas of a building are easily accessible, enhancing independence and comfort. Available for both private and public spaces, accessibility lifts are essential for creating inclusive environments that meet legal [&hellip;]\" \/>\n<meta property=\"og:url\" content=\"https:\/\/www.rigaslifti.lv\/lv\/accessibility-lifts\/\" \/>\n<meta property=\"og:site_name\" content=\"Elevators and Escalators: Service, Modernization, and New Installations\" \/>\n<meta property=\"article:modified_time\" content=\"2024-10-24T09:06:27+00:00\" \/>\n<meta name=\"twitter:card\" content=\"summary_large_image\" \/>\n<meta name=\"twitter:label1\" content=\"Est. reading time\" \/>\n\t<meta name=\"twitter:data1\" content=\"1 min\u016bte\" \/>\n<script type=\"application\/ld+json\" class=\"yoast-schema-graph\">{\"@context\":\"https:\/\/schema.org\",\"@graph\":[{\"@type\":\"WebPage\",\"@id\":\"https:\/\/www.rigaslifti.lv\/accessibility-lifts\/\",\"url\":\"https:\/\/www.rigaslifti.lv\/accessibility-lifts\/\",\"name\":\"Accessibility lifts - Elevators and Escalators: Service, Modernization, and New Installations\",\"isPartOf\":{\"@id\":\"https:\/\/www.rigaslifti.lv\/#website\"},\"datePublished\":\"2024-10-21T12:53:17+00:00\",\"dateModified\":\"2024-10-24T09:06:27+00:00\",\"breadcrumb\":{\"@id\":\"https:\/\/www.rigaslifti.lv\/accessibility-lifts\/#breadcrumb\"},\"inLanguage\":\"lv-LV\",\"potentialAction\":[{\"@type\":\"ReadAction\",\"target\":[\"https:\/\/www.rigaslifti.lv\/accessibility-lifts\/\"]}]},{\"@type\":\"BreadcrumbList\",\"@id\":\"https:\/\/www.rigaslifti.lv\/accessibility-lifts\/#breadcrumb\",\"itemListElement\":[{\"@type\":\"ListItem\",\"position\":1,\"name\":\"Home\",\"item\":\"https:\/\/www.rigaslifti.lv\/\"},{\"@type\":\"ListItem\",\"position\":2,\"name\":\"Accessibility lifts\"}]},{\"@type\":\"WebSite\",\"@id\":\"https:\/\/www.rigaslifti.lv\/#website\",\"url\":\"https:\/\/www.rigaslifti.lv\/\",\"name\":\"Elevators and Escalators: Service, Modernization, and New Installations\",\"description\":\"Elevators and Escalators: Service, Modernization, and New Installations\",\"publisher\":{\"@id\":\"https:\/\/www.rigaslifti.lv\/#organization\"},\"potentialAction\":[{\"@type\":\"SearchAction\",\"target\":{\"@type\":\"EntryPoint\",\"urlTemplate\":\"https:\/\/www.rigaslifti.lv\/?s={search_term_string}\"},\"query-input\":\"required name=search_term_string\"}],\"inLanguage\":\"lv-LV\"},{\"@type\":\"Organization\",\"@id\":\"https:\/\/www.rigaslifti.lv\/#organization\",\"name\":\"Elevators and Escalators: Service, Modernization, and New Installations\",\"url\":\"https:\/\/www.rigaslifti.lv\/\",\"logo\":{\"@type\":\"ImageObject\",\"inLanguage\":\"lv-LV\",\"@id\":\"https:\/\/www.rigaslifti.lv\/#\/schema\/logo\/image\/\",\"url\":\"https:\/\/www.rigaslifti.lv\/wp-content\/uploads\/2019\/12\/logorigaslifti.png\",\"contentUrl\":\"https:\/\/www.rigaslifti.lv\/wp-content\/uploads\/2019\/12\/logorigaslifti.png\",\"width\":1000,\"height\":344,\"caption\":\"Elevators and Escalators: Service, Modernization, and New Installations\"},\"image\":{\"@id\":\"https:\/\/www.rigaslifti.lv\/#\/schema\/logo\/image\/\"}}]}<\/script>\n<!-- \/ Yoast SEO plugin. -->","yoast_head_json":{"title":"Accessibility lifts - Elevators and Escalators: Service, Modernization, and New Installations","robots":{"index":"index","follow":"follow","max-snippet":"max-snippet:-1","max-image-preview":"max-image-preview:large","max-video-preview":"max-video-preview:-1"},"canonical":"https:\/\/www.rigaslifti.lv\/lv\/accessibility-lifts\/","og_locale":"lv_LV","og_type":"article","og_title":"Accessibility lifts - Elevators and Escalators: Service, Modernization, and New Installations","og_description":"Accessibility lifts are designed to provide mobility solutions for individuals with disabilities or reduced mobility. These lifts help ensure that all areas of a building are easily accessible, enhancing independence and comfort. Available for both private and public spaces, accessibility lifts are essential for creating inclusive environments that meet legal [&hellip;]","og_url":"https:\/\/www.rigaslifti.lv\/lv\/accessibility-lifts\/","og_site_name":"Elevators and Escalators: Service, Modernization, and New Installations","article_modified_time":"2024-10-24T09:06:27+00:00","twitter_card":"summary_large_image","twitter_misc":{"Est. reading time":"1 min\u016bte"},"schema":{"@context":"https:\/\/schema.org","@graph":[{"@type":"WebPage","@id":"https:\/\/www.rigaslifti.lv\/accessibility-lifts\/","url":"https:\/\/www.rigaslifti.lv\/accessibility-lifts\/","name":"Accessibility lifts - Elevators and Escalators: Service, Modernization, and New Installations","isPartOf":{"@id":"https:\/\/www.rigaslifti.lv\/#website"},"datePublished":"2024-10-21T12:53:17+00:00","dateModified":"2024-10-24T09:06:27+00:00","breadcrumb":{"@id":"https:\/\/www.rigaslifti.lv\/accessibility-lifts\/#breadcrumb"},"inLanguage":"lv-LV","potentialAction":[{"@type":"ReadAction","target":["https:\/\/www.rigaslifti.lv\/accessibility-lifts\/"]}]},{"@type":"BreadcrumbList","@id":"https:\/\/www.rigaslifti.lv\/accessibility-lifts\/#breadcrumb","itemListElement":[{"@type":"ListItem","position":1,"name":"Home","item":"https:\/\/www.rigaslifti.lv\/"},{"@type":"ListItem","position":2,"name":"Accessibility lifts"}]},{"@type":"WebSite","@id":"https:\/\/www.rigaslifti.lv\/#website","url":"https:\/\/www.rigaslifti.lv\/","name":"Elevators and Escalators: Service, Modernization, and New Installations","description":"Elevators and Escalators: Service, Modernization, and New Installations","publisher":{"@id":"https:\/\/www.rigaslifti.lv\/#organization"},"potentialAction":[{"@type":"SearchAction","target":{"@type":"EntryPoint","urlTemplate":"https:\/\/www.rigaslifti.lv\/?s={search_term_string}"},"query-input":"required name=search_term_string"}],"inLanguage":"lv-LV"},{"@type":"Organization","@id":"https:\/\/www.rigaslifti.lv\/#organization","name":"Elevators and Escalators: Service, Modernization, and New Installations","url":"https:\/\/www.rigaslifti.lv\/","logo":{"@type":"ImageObject","inLanguage":"lv-LV","@id":"https:\/\/www.rigaslifti.lv\/#\/schema\/logo\/image\/","url":"https:\/\/www.rigaslifti.lv\/wp-content\/uploads\/2019\/12\/logorigaslifti.png","contentUrl":"https:\/\/www.rigaslifti.lv\/wp-content\/uploads\/2019\/12\/logorigaslifti.png","width":1000,"height":344,"caption":"Elevators and Escalators: Service, Modernization, and New Installations"},"image":{"@id":"https:\/\/www.rigaslifti.lv\/#\/schema\/logo\/image\/"}}]}},"_links":{"self":[{"href":"https:\/\/www.rigaslifti.lv\/lv\/wp-json\/wp\/v2\/pages\/867"}],"collection":[{"href":"https:\/\/www.rigaslifti.lv\/lv\/wp-json\/wp\/v2\/pages"}],"about":[{"href":"https:\/\/www.rigaslifti.lv\/lv\/wp-json\/wp\/v2\/types\/page"}],"author":[{"embeddable":true,"href":"https:\/\/www.rigaslifti.lv\/lv\/wp-json\/wp\/v2\/users\/1"}],"replies":[{"embeddable":true,"href":"https:\/\/www.rigaslifti.lv\/lv\/wp-json\/wp\/v2\/comments?post=867"}],"version-history":[{"count":2,"href":"https:\/\/www.rigaslifti.lv\/lv\/wp-json\/wp\/v2\/pages\/867\/revisions"}],"predecessor-version":[{"id":989,"href":"https:\/\/www.rigaslifti.lv\/lv\/wp-json\/wp\/v2\/pages\/867\/revisions\/989"}],"wp:attachment":[{"href":"https:\/\/www.rigaslifti.lv\/lv\/wp-json\/wp\/v2\/media?parent=867"}],"curies":[{"name":"wp","href":"https:\/\/api.w.org\/{rel}","templated":true}]}}