{"id":983,"date":"2024-10-24T10:58:37","date_gmt":"2024-10-24T08:58:37","guid":{"rendered":"https:\/\/www.rigaslifti.lv\/?page_id=983"},"modified":"2024-10-24T11:00:13","modified_gmt":"2024-10-24T09:00:13","slug":"about-us","status":"publish","type":"page","link":"https:\/\/www.rigaslifti.lv\/lv\/about-us\/","title":{"rendered":"Par R\u012bgas Lifti"},"content":{"rendered":"<p><strong>&nbsp; &nbsp; &nbsp; &nbsp; &nbsp;<\/strong>Kop\u0161 dibin\u0101\u0161anas 1993. gad\u0101, R\u012bgas Lifti ir bijis pionieris Latvijas liftu un eskalatoru nozar\u0113. S\u0101kotn\u0113ji paz\u012bstams k\u0101 OTIS Latvia, m\u0113s esam ofici\u0101lais OTIS Elevator Co. p\u0101rst\u0101vis Latvij\u0101 \u2013 pasaules liel\u0101kais liftu, eskalatoru un p\u0101rvietojamo celi\u0146u ra\u017eot\u0101js. M\u016bsu cent\u012bba uz izcil\u012bbu un inov\u0101cij\u0101m ir \u013c\u0101vusi mums k\u013c\u016bt par uzticamu partneri uz\u0146\u0113mumiem un dz\u012bvojamo \u0113ku projektiem vis\u0101 Latvij\u0101.<\/p>\n\n\n\n<p class=\"p1\"><strong>&nbsp; &nbsp; &nbsp; &nbsp; &nbsp;<\/strong>Gadu gait\u0101 R\u012bgas Lifti ir piedal\u012bjies daudzos presti\u017eos projektos, kas demonstr\u0113 m\u016bsu sp\u0113jas veikt vissare\u017e\u0123\u012bt\u0101k\u0101s un izaicino\u0161\u0101k\u0101s uzst\u0101d\u012b\u0161anas darbus. M\u0113s bij\u0101m atbild\u012bgi par Latvijas pirm\u0101 panor\u0101mas lifta uzst\u0101d\u012b\u0161anu \u2013 projekts, kas uzsver m\u016bsu ap\u0146em\u0161anos ieviest modern\u0101k\u0101s tehnolo\u0123ijas un dizainu Latvijas tirg\u016b. Turkl\u0101t m\u0113s veiksm\u012bgi esam uzst\u0101d\u012bju\u0161i vair\u0101k nek\u0101 800 liftus vis\u0101 valst\u012b, s\u0101kot no dz\u012bvojam\u0101m \u0113k\u0101m l\u012bdz lieliem komerci\u0101liem kompleksiem.<\/p>\n\n\n\n<p class=\"p1\"><strong>&nbsp; &nbsp; &nbsp; &nbsp; &nbsp;<\/strong>2020. gad\u0101 R\u012bgas Lifti papla\u0161in\u0101ja savas iesp\u0113jas un tirgus ietekmi, apvienojoties ar TehnoPrime \u2013 citu vado\u0161o v\u0101rdu Latvijas liftu nozar\u0113. \u0160\u012b apvieno\u0161an\u0101s ir nostiprin\u0101jusi m\u016bsu poz\u012bcijas k\u0101 vienu no vado\u0161ajiem liftu un eskalatoru pakalpojumu sniedz\u0113jiem Latvij\u0101. \u0160odien m\u0113s p\u0101rvald\u0101m vair\u0101k nek\u0101 2000 liftu portfeli, pied\u0101v\u0101jot pilnu pakalpojumu kl\u0101stu, kas ietver uzst\u0101d\u012b\u0161anu, moderniz\u0101ciju un apkopi.<\/p>\n\n\n\n<p class=\"p1\"><strong>&nbsp; &nbsp; &nbsp; &nbsp; &nbsp;<\/strong>M\u016bsu ap\u0146em\u0161an\u0101s pret ilgtsp\u0113j\u012bbu izpau\u017eas m\u016bsu modernaj\u0101 videi draudz\u012bgo CNG transportl\u012bdzek\u013cu park\u0101, kas nodro\u0161ina, ka m\u016bsu darb\u012bbas rada minim\u0101lu ietekmi uz vidi. M\u0113s ticam, ka ieguld\u012bjumi m\u016bsu cilv\u0113kos ir tikpat svar\u012bgi k\u0101 ieguld\u012bjumi tehnolo\u0123ij\u0101s. M\u016bsu komandu veido vair\u0101k nek\u0101 80 augsti kvalific\u0113ti speci\u0101listi, kuri katrs pied\u0101v\u0101 daudzu gadu pieredzi un zin\u0101\u0161anas. No apkalpo\u0161anas un remonta l\u012bdz jaun\u0101m uzst\u0101d\u012b\u0161an\u0101m un finan\u0161u pl\u0101no\u0161anai, m\u016bsu komanda str\u0101d\u0101 nenogursto\u0161i, lai nodro\u0161in\u0101tu augst\u0101kos klientu apmierin\u0101t\u012bbas l\u012bme\u0146us.<\/p>\n\n\n\n<p><b>Galvenie projekti un sasniegumi:<\/b><\/p>\n\n\n\n<ul class=\"wp-block-list\">\n<li><b style=\"font-size: revert; color: initial; font-family: -apple-system, BlinkMacSystemFont, 'Segoe UI', Roboto, Oxygen-Sans, Ubuntu, Cantarell, 'Helvetica Neue', sans-serif;\">Panor\u0101mas lifti:<\/b><span style=\"font-size: revert; color: initial; font-family: -apple-system, BlinkMacSystemFont, 'Segoe UI', Roboto, Oxygen-Sans, Ubuntu, Cantarell, 'Helvetica Neue', sans-serif;\"> Uzst\u0101d\u012bti presti\u017e\u0101s viet\u0101s, piem\u0113ram, Hotel Latvia un Radisson Daugava, \u0161ie lifti pied\u0101v\u0101 ne tikai funkcionalit\u0101ti, bet ar\u012b uzlabotu vizu\u0101lo pieredzi lietot\u0101jiem.<\/span><\/li>\n\n\n\n<li><b>Iepirk\u0161an\u0101s centri:<\/b> M\u0113s esam apr\u012bkoju\u0161i t\u0101dus lielus iepirk\u0161an\u0101s centrus k\u0101 Alfa, Mols, Domina un Spice ar moderniem liftiem un eskalatoriem, nodro\u0161inot vienm\u0113r\u012bgu un efekt\u012bvu kust\u012bbu pirc\u0113jiem.<\/li>\n<\/ul>\n\n\n\n<p class=\"p1\"><b>M\u016bsu v\u012bzija un misija:<\/b><\/p>\n\n\n\n<p class=\"p1\"><strong>&nbsp; &nbsp; &nbsp; &nbsp; &nbsp;<\/strong>R\u012bgas Lifti misija ir paaugstin\u0101t dro\u0161\u012bbas, uzticam\u012bbas un inov\u0101ciju standartus Latvijas liftu nozar\u0113. M\u0113s esam ap\u0146\u0113mu\u0161ies nep\u0101rtraukti pilnveidoties, pie\u0146emt jaunas tehnolo\u0123ijas un pied\u0101v\u0101t klientiem risin\u0101jumus, kas atbilst vi\u0146u specifiskaj\u0101m vajadz\u012bb\u0101m.<\/p>\n\n\n\n<p class=\"p1\"><strong>&nbsp; &nbsp; &nbsp; &nbsp; &nbsp;<\/strong>M\u0113s redzam sevi ne tikai k\u0101 pakalpojumu sniedz\u0113ju, bet ar\u012b k\u0101 partneri m\u016bsu klientu pan\u0101kumos, str\u0101d\u0101jot kop\u0101, lai nodro\u0161in\u0101tu, ka m\u016bsu risin\u0101jumi veicina \u0113ku efektivit\u0101ti un pievilc\u012bbu. M\u016bsu v\u012bzija ir k\u013c\u016bt par uzticam\u0101ko v\u0101rdu Latvijas liftu nozar\u0113, kas paz\u012bstams ar m\u016bsu kvalit\u0101ti, inov\u0101cij\u0101m un klientu orient\u0113tu pieeju.<\/p>\n\n\n\n<p class=\"p1\"><b>K\u0101p\u0113c izv\u0113l\u0113ties R\u012bgas Lifti?<\/b><\/p>\n\n\n\n<ul class=\"wp-block-list\">\n<li><b>Pieredze un ekspert\u012bze:<\/b> Ar vair\u0101k nek\u0101 tr\u012bsdesmit gadu pieredzi nozar\u0113, mums ir zin\u0101\u0161anas un prasmes, lai tiktu gal\u0101 ar jebkuru liftu vai eskalatoru projektu, neatkar\u012bgi no t\u0101 sare\u017e\u0123\u012bt\u012bbas.<\/li>\n\n\n\n<li><b>Kvalit\u0101tes garantija:<\/b> M\u016bsu sadarb\u012bba ar OTIS nodro\u0161ina, ka m\u0113s pieg\u0101d\u0101jam produktus un pakalpojumus ar visaugst\u0101kajiem starptautiskajiem standartiem.<\/li>\n\n\n\n<li><b>Visaptvero\u0161s pakalpojums:<\/b> No s\u0101kotn\u0113j\u0101m konsult\u0101cij\u0101m un uzst\u0101d\u012b\u0161anas l\u012bdz regul\u0101rai apkopei un av\u0101rijas remontam, m\u0113s pied\u0101v\u0101jam piln\u012bgu risin\u0101jumu, kas piel\u0101gots j\u016bsu vajadz\u012bb\u0101m.<\/li>\n\n\n\n<li><b>Ilgtsp\u0113j\u012bba:<\/b> M\u0113s esam ap\u0146\u0113mu\u0161ies samazin\u0101t m\u016bsu ietekmi uz vidi, izmantojot videi draudz\u012bgas tehnolo\u0123ijas un prakses.<\/li>\n<\/ul>\n\n\n\n<hr class=\"wp-block-separator has-css-opacity is-style-wide\"\/>","protected":false},"excerpt":{"rendered":"<p>&nbsp; &nbsp; &nbsp; &nbsp; &nbsp;Since its establishment in 1993, R\u012bgas Lifti has been a pioneer in the elevator and escalator industry in Latvia. Originally known as OTIS Latvia, we have proudly served as the official representative of OTIS Elevator Co., the world\u2019s largest manufacturer of elevators, escalators, and moving walkways. [&hellip;]<\/p>","protected":false},"author":1,"featured_media":0,"parent":0,"menu_order":0,"comment_status":"closed","ping_status":"closed","template":"","meta":{"footnotes":""},"class_list":["post-983","page","type-page","status-publish","hentry"],"yoast_head":"<!-- This site is optimized with the Yoast SEO plugin v23.2 - https:\/\/yoast.com\/wordpress\/plugins\/seo\/ -->\n<title>About R\u012bgas Lifti - Elevators and Escalators: Service, Modernization, and New Installations<\/title>\n<meta name=\"robots\" content=\"index, follow, max-snippet:-1, max-image-preview:large, max-video-preview:-1\" \/>\n<link rel=\"canonical\" href=\"https:\/\/www.rigaslifti.lv\/lv\/about-us\/\" \/>\n<meta property=\"og:locale\" content=\"lv_LV\" \/>\n<meta property=\"og:type\" content=\"article\" \/>\n<meta property=\"og:title\" content=\"About R\u012bgas Lifti - Elevators and Escalators: Service, Modernization, and New Installations\" \/>\n<meta property=\"og:description\" content=\"&nbsp; &nbsp; &nbsp; &nbsp; &nbsp;Since its establishment in 1993, R\u012bgas Lifti has been a pioneer in the elevator and escalator industry in Latvia. Originally known as OTIS Latvia, we have proudly served as the official representative of OTIS Elevator Co., the world\u2019s largest manufacturer of elevators, escalators, and moving walkways. [&hellip;]\" \/>\n<meta property=\"og:url\" content=\"https:\/\/www.rigaslifti.lv\/lv\/about-us\/\" \/>\n<meta property=\"og:site_name\" content=\"Elevators and Escalators: Service, Modernization, and New Installations\" \/>\n<meta property=\"article:modified_time\" content=\"2024-10-24T09:00:13+00:00\" \/>\n<meta name=\"twitter:card\" content=\"summary_large_image\" \/>\n<meta name=\"twitter:label1\" content=\"Est. reading time\" \/>\n\t<meta name=\"twitter:data1\" content=\"3 min\u016btes\" \/>\n<script type=\"application\/ld+json\" class=\"yoast-schema-graph\">{\"@context\":\"https:\/\/schema.org\",\"@graph\":[{\"@type\":\"WebPage\",\"@id\":\"https:\/\/www.rigaslifti.lv\/about-us\/\",\"url\":\"https:\/\/www.rigaslifti.lv\/about-us\/\",\"name\":\"About R\u012bgas Lifti - Elevators and Escalators: Service, Modernization, and New Installations\",\"isPartOf\":{\"@id\":\"https:\/\/www.rigaslifti.lv\/#website\"},\"datePublished\":\"2024-10-24T08:58:37+00:00\",\"dateModified\":\"2024-10-24T09:00:13+00:00\",\"breadcrumb\":{\"@id\":\"https:\/\/www.rigaslifti.lv\/about-us\/#breadcrumb\"},\"inLanguage\":\"lv-LV\",\"potentialAction\":[{\"@type\":\"ReadAction\",\"target\":[\"https:\/\/www.rigaslifti.lv\/about-us\/\"]}]},{\"@type\":\"BreadcrumbList\",\"@id\":\"https:\/\/www.rigaslifti.lv\/about-us\/#breadcrumb\",\"itemListElement\":[{\"@type\":\"ListItem\",\"position\":1,\"name\":\"Home\",\"item\":\"https:\/\/www.rigaslifti.lv\/\"},{\"@type\":\"ListItem\",\"position\":2,\"name\":\"About R\u012bgas Lifti\"}]},{\"@type\":\"WebSite\",\"@id\":\"https:\/\/www.rigaslifti.lv\/#website\",\"url\":\"https:\/\/www.rigaslifti.lv\/\",\"name\":\"Elevators and Escalators: Service, Modernization, and New Installations\",\"description\":\"Elevators and Escalators: Service, Modernization, and New Installations\",\"publisher\":{\"@id\":\"https:\/\/www.rigaslifti.lv\/#organization\"},\"potentialAction\":[{\"@type\":\"SearchAction\",\"target\":{\"@type\":\"EntryPoint\",\"urlTemplate\":\"https:\/\/www.rigaslifti.lv\/?s={search_term_string}\"},\"query-input\":\"required name=search_term_string\"}],\"inLanguage\":\"lv-LV\"},{\"@type\":\"Organization\",\"@id\":\"https:\/\/www.rigaslifti.lv\/#organization\",\"name\":\"Elevators and Escalators: Service, Modernization, and New Installations\",\"url\":\"https:\/\/www.rigaslifti.lv\/\",\"logo\":{\"@type\":\"ImageObject\",\"inLanguage\":\"lv-LV\",\"@id\":\"https:\/\/www.rigaslifti.lv\/#\/schema\/logo\/image\/\",\"url\":\"https:\/\/www.rigaslifti.lv\/wp-content\/uploads\/2019\/12\/logorigaslifti.png\",\"contentUrl\":\"https:\/\/www.rigaslifti.lv\/wp-content\/uploads\/2019\/12\/logorigaslifti.png\",\"width\":1000,\"height\":344,\"caption\":\"Elevators and Escalators: Service, Modernization, and New Installations\"},\"image\":{\"@id\":\"https:\/\/www.rigaslifti.lv\/#\/schema\/logo\/image\/\"}}]}<\/script>\n<!-- \/ Yoast SEO plugin. -->","yoast_head_json":{"title":"About R\u012bgas Lifti - Elevators and Escalators: Service, Modernization, and New Installations","robots":{"index":"index","follow":"follow","max-snippet":"max-snippet:-1","max-image-preview":"max-image-preview:large","max-video-preview":"max-video-preview:-1"},"canonical":"https:\/\/www.rigaslifti.lv\/lv\/about-us\/","og_locale":"lv_LV","og_type":"article","og_title":"About R\u012bgas Lifti - Elevators and Escalators: Service, Modernization, and New Installations","og_description":"&nbsp; &nbsp; &nbsp; &nbsp; &nbsp;Since its establishment in 1993, R\u012bgas Lifti has been a pioneer in the elevator and escalator industry in Latvia. Originally known as OTIS Latvia, we have proudly served as the official representative of OTIS Elevator Co., the world\u2019s largest manufacturer of elevators, escalators, and moving walkways. [&hellip;]","og_url":"https:\/\/www.rigaslifti.lv\/lv\/about-us\/","og_site_name":"Elevators and Escalators: Service, Modernization, and New Installations","article_modified_time":"2024-10-24T09:00:13+00:00","twitter_card":"summary_large_image","twitter_misc":{"Est. reading time":"3 min\u016btes"},"schema":{"@context":"https:\/\/schema.org","@graph":[{"@type":"WebPage","@id":"https:\/\/www.rigaslifti.lv\/about-us\/","url":"https:\/\/www.rigaslifti.lv\/about-us\/","name":"About R\u012bgas Lifti - Elevators and Escalators: Service, Modernization, and New Installations","isPartOf":{"@id":"https:\/\/www.rigaslifti.lv\/#website"},"datePublished":"2024-10-24T08:58:37+00:00","dateModified":"2024-10-24T09:00:13+00:00","breadcrumb":{"@id":"https:\/\/www.rigaslifti.lv\/about-us\/#breadcrumb"},"inLanguage":"lv-LV","potentialAction":[{"@type":"ReadAction","target":["https:\/\/www.rigaslifti.lv\/about-us\/"]}]},{"@type":"BreadcrumbList","@id":"https:\/\/www.rigaslifti.lv\/about-us\/#breadcrumb","itemListElement":[{"@type":"ListItem","position":1,"name":"Home","item":"https:\/\/www.rigaslifti.lv\/"},{"@type":"ListItem","position":2,"name":"About R\u012bgas Lifti"}]},{"@type":"WebSite","@id":"https:\/\/www.rigaslifti.lv\/#website","url":"https:\/\/www.rigaslifti.lv\/","name":"Elevators and Escalators: Service, Modernization, and New Installations","description":"Elevators and Escalators: Service, Modernization, and New Installations","publisher":{"@id":"https:\/\/www.rigaslifti.lv\/#organization"},"potentialAction":[{"@type":"SearchAction","target":{"@type":"EntryPoint","urlTemplate":"https:\/\/www.rigaslifti.lv\/?s={search_term_string}"},"query-input":"required name=search_term_string"}],"inLanguage":"lv-LV"},{"@type":"Organization","@id":"https:\/\/www.rigaslifti.lv\/#organization","name":"Elevators and Escalators: Service, Modernization, and New Installations","url":"https:\/\/www.rigaslifti.lv\/","logo":{"@type":"ImageObject","inLanguage":"lv-LV","@id":"https:\/\/www.rigaslifti.lv\/#\/schema\/logo\/image\/","url":"https:\/\/www.rigaslifti.lv\/wp-content\/uploads\/2019\/12\/logorigaslifti.png","contentUrl":"https:\/\/www.rigaslifti.lv\/wp-content\/uploads\/2019\/12\/logorigaslifti.png","width":1000,"height":344,"caption":"Elevators and Escalators: Service, Modernization, and New Installations"},"image":{"@id":"https:\/\/www.rigaslifti.lv\/#\/schema\/logo\/image\/"}}]}},"_links":{"self":[{"href":"https:\/\/www.rigaslifti.lv\/lv\/wp-json\/wp\/v2\/pages\/983"}],"collection":[{"href":"https:\/\/www.rigaslifti.lv\/lv\/wp-json\/wp\/v2\/pages"}],"about":[{"href":"https:\/\/www.rigaslifti.lv\/lv\/wp-json\/wp\/v2\/types\/page"}],"author":[{"embeddable":true,"href":"https:\/\/www.rigaslifti.lv\/lv\/wp-json\/wp\/v2\/users\/1"}],"replies":[{"embeddable":true,"href":"https:\/\/www.rigaslifti.lv\/lv\/wp-json\/wp\/v2\/comments?post=983"}],"version-history":[{"count":3,"href":"https:\/\/www.rigaslifti.lv\/lv\/wp-json\/wp\/v2\/pages\/983\/revisions"}],"predecessor-version":[{"id":986,"href":"https:\/\/www.rigaslifti.lv\/lv\/wp-json\/wp\/v2\/pages\/983\/revisions\/986"}],"wp:attachment":[{"href":"https:\/\/www.rigaslifti.lv\/lv\/wp-json\/wp\/v2\/media?parent=983"}],"curies":[{"name":"wp","href":"https:\/\/api.w.org\/{rel}","templated":true}]}}